{"id":523,"date":"2020-07-16T14:14:53","date_gmt":"2020-07-16T14:14:53","guid":{"rendered":"http:\/\/wgl-demo.net\/atlets\/?page_id=523"},"modified":"2025-03-28T17:02:13","modified_gmt":"2025-03-28T17:02:13","slug":"about-us","status":"publish","type":"page","link":"https:\/\/colaistenanoilean.ie\/en\/about-us\/","title":{"rendered":"About Us"},"content":{"rendered":"\t\t<div data-elementor-type=\"wp-page\" data-elementor-id=\"523\" class=\"elementor elementor-523\">\n\t\t\t\t\t\t<section class=\"elementor-section elementor-top-section elementor-element elementor-element-995dbda elementor-section-full_width elementor-reverse-tablet elementor-reverse-mobile elementor-section-height-default elementor-section-height-default\" data-id=\"995dbda\" data-element_type=\"section\" data-e-type=\"section\" data-settings=\"{&quot;background_background&quot;:&quot;classic&quot;}\">\n\t\t\t\t\t\t<div class=\"elementor-container elementor-column-gap-wider\">\n\t\t\t\t\t<div class=\"elementor-column elementor-col-50 elementor-top-column elementor-element elementor-element-53a7b52\" data-id=\"53a7b52\" data-element_type=\"column\" data-e-type=\"column\">\n\t\t\t<div class=\"elementor-widget-wrap elementor-element-populated\">\n\t\t\t\t\t\t<div class=\"elementor-element elementor-element-83d42b0 elementor-widget__width-initial aleft elementor-widget elementor-widget-wgl-double-headings\" data-id=\"83d42b0\" data-element_type=\"widget\" data-e-type=\"widget\" data-widget_type=\"wgl-double-headings.default\">\n\t\t\t\t<div class=\"elementor-widget-container\">\n\t\t\t\t\t<div class=\"wgl-double_heading\"><div class=\"dbl__subtitle type-default\"><span class=\"svg_media\"><svg version=\"1.1\" xmlns=\"http:\/\/www.w3.org\/2000\/svg\" xmlns:xlink=\"http:\/\/www.w3.org\/1999\/xlink\" x=\"0px\" y=\"0px\" viewBox=\"0 0 100 13.6\" style=\"enable-background:new 0 0 100 13.6;\" xml:space=\"preserve\"><path class=\"st0\" d=\"M28.8,9.7L33,6.9l4.3,2.9c7.7,5.2,17.7,5.2,25.4,0L67,6.9l4.3,2.9c3.9,2.6,8.3,3.9,12.7,3.9c4.4,0,8.8-1.3,12.7-3.9l3.2-2.1C99.9,6.3,100,5,100,3.7c0-0.6,0-1.1,0-1.7l-0.6-0.9L93.5,5c-5.8,3.9-13.3,3.9-19.1,0L67,0l-7.4,5c-5.8,3.9-13.3,3.9-19.1,0L33,0l-7.4,5C19.8,8.9,12.3,8.9,6.5,5L0.7,1.1L0,2c0,0.6,0,1.1,0,1.7C0,5,0.1,6.3,0.2,7.6l3.2,2.1C11.1,14.9,21,14.9,28.8,9.7z\"\/><\/svg><\/span> <\/div><h3 class=\"dbl__title-wrapper\"><span class=\"dbl__title\">About Col\u00e1iste na nOile\u00e1n<\/span><\/h3><\/div>\t\t\t\t<\/div>\n\t\t\t\t<\/div>\n\t\t\t\t<div class=\"elementor-element elementor-element-1584d89 elementor-widget elementor-widget-spacer\" data-id=\"1584d89\" data-element_type=\"widget\" data-e-type=\"widget\" data-widget_type=\"spacer.default\">\n\t\t\t\t<div class=\"elementor-widget-container\">\n\t\t\t\t\t\t\t<div class=\"elementor-spacer\">\n\t\t\t<div class=\"elementor-spacer-inner\"><\/div>\n\t\t<\/div>\n\t\t\t\t\t\t<\/div>\n\t\t\t\t<\/div>\n\t\t\t\t<div class=\"elementor-element elementor-element-aaf3d87 elementor-widget__width-initial elementor-widget-tablet__width-inherit elementor-widget elementor-widget-text-editor\" data-id=\"aaf3d87\" data-element_type=\"widget\" data-e-type=\"widget\" data-widget_type=\"text-editor.default\">\n\t\t\t\t<div class=\"elementor-widget-container\">\n\t\t\t\t\t\t\t\t\t<p>Col\u00e1iste na nOile\u00e1n is nestled in the picturesque Ceantar na nOile\u00e1n, right in the heart of the Connemara Gaeltacht, just 35 miles from Galway City. With over 50 years of experience running Irish summer courses, we\u2019ve built a strong reputation for providing top-quality education in a vibrant cultural setting.<\/p><p>From the moment students arrive, they are fully immersed in the Irish language and its rich heritage. Our dedicated staff use modern teaching methods to help each student reach their full potential. Full language immersion, proven to be the most effective way to learn, ensures that students thrive in this unique environment.<\/p>\t\t\t\t\t\t\t\t<\/div>\n\t\t\t\t<\/div>\n\t\t\t\t<div class=\"elementor-element elementor-element-eb8963a elementor-widget elementor-widget-spacer\" data-id=\"eb8963a\" data-element_type=\"widget\" data-e-type=\"widget\" data-widget_type=\"spacer.default\">\n\t\t\t\t<div class=\"elementor-widget-container\">\n\t\t\t\t\t\t\t<div class=\"elementor-spacer\">\n\t\t\t<div class=\"elementor-spacer-inner\"><\/div>\n\t\t<\/div>\n\t\t\t\t\t\t<\/div>\n\t\t\t\t<\/div>\n\t\t\t\t<div class=\"elementor-element elementor-element-98be17f elementor-widget__width-initial elementor-widget-tablet__width-inherit elementor-widget elementor-widget-spacer\" data-id=\"98be17f\" data-element_type=\"widget\" data-e-type=\"widget\" data-widget_type=\"spacer.default\">\n\t\t\t\t<div class=\"elementor-widget-container\">\n\t\t\t\t\t\t\t<div class=\"elementor-spacer\">\n\t\t\t<div class=\"elementor-spacer-inner\"><\/div>\n\t\t<\/div>\n\t\t\t\t\t\t<\/div>\n\t\t\t\t<\/div>\n\t\t\t\t\t<\/div>\n\t\t<\/div>\n\t\t\t\t<div class=\"elementor-column elementor-col-50 elementor-top-column elementor-element elementor-element-309b085\" data-id=\"309b085\" data-element_type=\"column\" data-e-type=\"column\" data-settings=\"{&quot;background_background&quot;:&quot;classic&quot;}\">\n\t\t\t<div class=\"elementor-widget-wrap elementor-element-populated\">\n\t\t\t\t\t\t<div class=\"elementor-element elementor-element-f93a7a5 elementor-widget elementor-widget-image\" data-id=\"f93a7a5\" data-element_type=\"widget\" data-e-type=\"widget\" data-widget_type=\"image.default\">\n\t\t\t\t<div class=\"elementor-widget-container\">\n\t\t\t\t\t\t\t\t\t\t\t\t\t\t\t<img fetchpriority=\"high\" decoding=\"async\" width=\"1024\" height=\"1024\" src=\"https:\/\/colaistenanoilean.ie\/wp-content\/uploads\/2024\/09\/colaiste-na-noilean-about2-1024x1024.jpg\" class=\"attachment-large size-large wp-image-3267\" alt=\"\" srcset=\"https:\/\/colaistenanoilean.ie\/wp-content\/uploads\/2024\/09\/colaiste-na-noilean-about2-1024x1024.jpg 1024w, https:\/\/colaistenanoilean.ie\/wp-content\/uploads\/2024\/09\/colaiste-na-noilean-about2-300x300.jpg 300w, https:\/\/colaistenanoilean.ie\/wp-content\/uploads\/2024\/09\/colaiste-na-noilean-about2-150x150.jpg 150w, https:\/\/colaistenanoilean.ie\/wp-content\/uploads\/2024\/09\/colaiste-na-noilean-about2-768x768.jpg 768w, https:\/\/colaistenanoilean.ie\/wp-content\/uploads\/2024\/09\/colaiste-na-noilean-about2-540x540.jpg 540w, https:\/\/colaistenanoilean.ie\/wp-content\/uploads\/2024\/09\/colaiste-na-noilean-about2-1080x1080.jpg 1080w, https:\/\/colaistenanoilean.ie\/wp-content\/uploads\/2024\/09\/colaiste-na-noilean-about2-240x240.jpg 240w, https:\/\/colaistenanoilean.ie\/wp-content\/uploads\/2024\/09\/colaiste-na-noilean-about2.jpg 1200w\" sizes=\"(max-width: 1024px) 100vw, 1024px\" \/>\t\t\t\t\t\t\t\t\t\t\t\t\t\t\t<\/div>\n\t\t\t\t<\/div>\n\t\t\t\t\t<\/div>\n\t\t<\/div>\n\t\t\t\t\t<\/div>\n\t\t<\/section>\n\t\t\t\t<section class=\"elementor-section elementor-top-section elementor-element elementor-element-41ac2ca elementor-section-boxed elementor-section-height-default elementor-section-height-default\" data-id=\"41ac2ca\" data-element_type=\"section\" data-e-type=\"section\" data-settings=\"{&quot;background_background&quot;:&quot;classic&quot;}\">\n\t\t\t\t\t\t<div class=\"elementor-container elementor-column-gap-default\">\n\t\t\t\t\t<div class=\"elementor-column elementor-col-100 elementor-top-column elementor-element elementor-element-1f41648\" data-id=\"1f41648\" data-element_type=\"column\" data-e-type=\"column\">\n\t\t\t<div class=\"elementor-widget-wrap elementor-element-populated\">\n\t\t\t\t\t\t<div class=\"elementor-element elementor-element-af119be elementor-widget elementor-widget-spacer\" data-id=\"af119be\" data-element_type=\"widget\" data-e-type=\"widget\" data-widget_type=\"spacer.default\">\n\t\t\t\t<div class=\"elementor-widget-container\">\n\t\t\t\t\t\t\t<div class=\"elementor-spacer\">\n\t\t\t<div class=\"elementor-spacer-inner\"><\/div>\n\t\t<\/div>\n\t\t\t\t\t\t<\/div>\n\t\t\t\t<\/div>\n\t\t\t\t<section class=\"elementor-section elementor-inner-section elementor-element elementor-element-eb9e86b elementor-section-boxed elementor-section-height-default elementor-section-height-default\" data-id=\"eb9e86b\" data-element_type=\"section\" data-e-type=\"section\">\n\t\t\t\t\t\t<div class=\"elementor-container elementor-column-gap-default\">\n\t\t\t\t\t<div class=\"elementor-column elementor-col-33 elementor-inner-column elementor-element elementor-element-290cb8d\" data-id=\"290cb8d\" data-element_type=\"column\" data-e-type=\"column\">\n\t\t\t<div class=\"elementor-widget-wrap elementor-element-populated\">\n\t\t\t\t\t\t<div class=\"elementor-element elementor-element-34c9a5e aleft elementor-widget elementor-widget-wgl-double-headings\" data-id=\"34c9a5e\" data-element_type=\"widget\" data-e-type=\"widget\" data-widget_type=\"wgl-double-headings.default\">\n\t\t\t\t<div class=\"elementor-widget-container\">\n\t\t\t\t\t<div class=\"wgl-double_heading\"><div class=\"dbl__subtitle type-line\">Don\u2019t miss out on an unforgettable Irish language experience<\/div><h3 class=\"dbl__title-wrapper\"><span class=\"dbl__title\">Secure Your Child's Spot Today! <\/span><\/h3><\/div>\t\t\t\t<\/div>\n\t\t\t\t<\/div>\n\t\t\t\t\t<\/div>\n\t\t<\/div>\n\t\t\t\t<div class=\"elementor-column elementor-col-66 elementor-inner-column elementor-element elementor-element-36c96c5\" data-id=\"36c96c5\" data-element_type=\"column\" data-e-type=\"column\">\n\t\t\t<div class=\"elementor-widget-wrap elementor-element-populated\">\n\t\t\t\t\t\t<div class=\"elementor-element elementor-element-c96ba37 aright elementor-widget elementor-widget-wgl-button\" data-id=\"c96ba37\" data-element_type=\"widget\" data-e-type=\"widget\" data-widget_type=\"wgl-button.default\">\n\t\t\t\t<div class=\"elementor-widget-container\">\n\t\t\t\t\t<div class=\"button-wrapper\"><a  class=\"wgl-button btn-size-lg \" role=\"button\" href=\"https:\/\/databizoifig.ie\/courses?guid=H91DWV1\" target=\"_blank\"><span class=\"morph_element theme_mode\"><\/span><div class=\"button-content-wrapper \"><span class=\"wgl-button-text\">Book Now<\/span><\/div><\/a><\/div>\t\t\t\t<\/div>\n\t\t\t\t<\/div>\n\t\t\t\t\t<\/div>\n\t\t<\/div>\n\t\t\t\t\t<\/div>\n\t\t<\/section>\n\t\t\t\t<div class=\"elementor-element elementor-element-0aa583d elementor-widget elementor-widget-spacer\" data-id=\"0aa583d\" data-element_type=\"widget\" data-e-type=\"widget\" data-widget_type=\"spacer.default\">\n\t\t\t\t<div class=\"elementor-widget-container\">\n\t\t\t\t\t\t\t<div class=\"elementor-spacer\">\n\t\t\t<div class=\"elementor-spacer-inner\"><\/div>\n\t\t<\/div>\n\t\t\t\t\t\t<\/div>\n\t\t\t\t<\/div>\n\t\t\t\t\t<\/div>\n\t\t<\/div>\n\t\t\t\t\t<\/div>\n\t\t<\/section>\n\t\t\t\t<\/div>\n\t\t","protected":false},"excerpt":{"rendered":"<p>About Col\u00e1iste na nOile\u00e1n Col\u00e1iste na nOile\u00e1n is nestled in the picturesque Ceantar na nOile\u00e1n, right in the heart of the Connemara Gaeltacht, just 35 miles from Galway City. With over 50 years of experience running Irish summer courses, we\u2019ve built a strong reputation for providing top-quality education in a vibrant cultural setting. From the [&hellip;]<\/p>\n","protected":false},"author":1,"featured_media":0,"parent":0,"menu_order":0,"comment_status":"closed","ping_status":"closed","template":"","meta":{"footnotes":""},"class_list":["post-523","page","type-page","status-publish","hentry"],"yoast_head":"<!-- This site is optimized with the Yoast SEO plugin v27.4 - https:\/\/yoast.com\/product\/yoast-seo-wordpress\/ -->\n<title>About Us - Col\u00e1iste na nOile\u00e1n<\/title>\n<meta name=\"robots\" content=\"index, follow, max-snippet:-1, max-image-preview:large, max-video-preview:-1\" \/>\n<link rel=\"canonical\" href=\"https:\/\/colaistenanoilean.ie\/fuinn\/\" \/>\n<meta property=\"og:locale\" content=\"en_US\" \/>\n<meta property=\"og:type\" content=\"article\" \/>\n<meta property=\"og:title\" content=\"About Us - Col\u00e1iste na nOile\u00e1n\" \/>\n<meta property=\"og:description\" content=\"About Col\u00e1iste na nOile\u00e1n Col\u00e1iste na nOile\u00e1n is nestled in the picturesque Ceantar na nOile\u00e1n, right in the heart of the Connemara Gaeltacht, just 35 miles from Galway City. With over 50 years of experience running Irish summer courses, we\u2019ve built a strong reputation for providing top-quality education in a vibrant cultural setting. From the [&hellip;]\" \/>\n<meta property=\"og:url\" content=\"https:\/\/colaistenanoilean.ie\/fuinn\/\" \/>\n<meta property=\"og:site_name\" content=\"Col\u00e1iste na nOile\u00e1n\" \/>\n<meta property=\"article:publisher\" content=\"https:\/\/www.facebook.com\/colaiste.nanoilean\/\" \/>\n<meta property=\"article:modified_time\" content=\"2025-03-28T17:02:13+00:00\" \/>\n<meta property=\"og:image\" content=\"https:\/\/colaistenanoilean.ie\/wp-content\/uploads\/2024\/09\/colaiste-na-noilean-about2.jpg\" \/>\n\t<meta property=\"og:image:width\" content=\"1200\" \/>\n\t<meta property=\"og:image:height\" content=\"1200\" \/>\n\t<meta property=\"og:image:type\" content=\"image\/jpeg\" \/>\n<meta name=\"twitter:card\" content=\"summary_large_image\" \/>\n<meta name=\"twitter:site\" content=\"@Col_na_nOilean\" \/>\n<meta name=\"twitter:label1\" content=\"Est. reading time\" \/>\n\t<meta name=\"twitter:data1\" content=\"1 minute\" \/>\n<script type=\"application\/ld+json\" class=\"yoast-schema-graph\">{\"@context\":\"https:\\\/\\\/schema.org\",\"@graph\":[{\"@type\":\"WebPage\",\"@id\":\"https:\\\/\\\/colaistenanoilean.ie\\\/fuinn\\\/\",\"url\":\"https:\\\/\\\/colaistenanoilean.ie\\\/fuinn\\\/\",\"name\":\"About Us - Col\u00e1iste na nOile\u00e1n\",\"isPartOf\":{\"@id\":\"https:\\\/\\\/colaistenanoilean.ie\\\/en\\\/#website\"},\"primaryImageOfPage\":{\"@id\":\"https:\\\/\\\/colaistenanoilean.ie\\\/fuinn\\\/#primaryimage\"},\"image\":{\"@id\":\"https:\\\/\\\/colaistenanoilean.ie\\\/fuinn\\\/#primaryimage\"},\"thumbnailUrl\":\"https:\\\/\\\/colaistenanoilean.ie\\\/wp-content\\\/uploads\\\/2024\\\/09\\\/colaiste-na-noilean-about2-1024x1024.jpg\",\"datePublished\":\"2020-07-16T14:14:53+00:00\",\"dateModified\":\"2025-03-28T17:02:13+00:00\",\"breadcrumb\":{\"@id\":\"https:\\\/\\\/colaistenanoilean.ie\\\/fuinn\\\/#breadcrumb\"},\"inLanguage\":\"en-US\",\"potentialAction\":[{\"@type\":\"ReadAction\",\"target\":[\"https:\\\/\\\/colaistenanoilean.ie\\\/fuinn\\\/\"]}]},{\"@type\":\"ImageObject\",\"inLanguage\":\"en-US\",\"@id\":\"https:\\\/\\\/colaistenanoilean.ie\\\/fuinn\\\/#primaryimage\",\"url\":\"https:\\\/\\\/colaistenanoilean.ie\\\/wp-content\\\/uploads\\\/2024\\\/09\\\/colaiste-na-noilean-about2-1024x1024.jpg\",\"contentUrl\":\"https:\\\/\\\/colaistenanoilean.ie\\\/wp-content\\\/uploads\\\/2024\\\/09\\\/colaiste-na-noilean-about2-1024x1024.jpg\"},{\"@type\":\"BreadcrumbList\",\"@id\":\"https:\\\/\\\/colaistenanoilean.ie\\\/fuinn\\\/#breadcrumb\",\"itemListElement\":[{\"@type\":\"ListItem\",\"position\":1,\"name\":\"Home\",\"item\":\"https:\\\/\\\/colaistenanoilean.ie\\\/en\\\/\"},{\"@type\":\"ListItem\",\"position\":2,\"name\":\"About Us\"}]},{\"@type\":\"WebSite\",\"@id\":\"https:\\\/\\\/colaistenanoilean.ie\\\/en\\\/#website\",\"url\":\"https:\\\/\\\/colaistenanoilean.ie\\\/en\\\/\",\"name\":\"Col\u00e1iste na nOile\u00e1n\",\"description\":\"Gaeltacht Connemara, Irish College Galway\",\"publisher\":{\"@id\":\"https:\\\/\\\/colaistenanoilean.ie\\\/en\\\/#organization\"},\"potentialAction\":[{\"@type\":\"SearchAction\",\"target\":{\"@type\":\"EntryPoint\",\"urlTemplate\":\"https:\\\/\\\/colaistenanoilean.ie\\\/en\\\/?s={search_term_string}\"},\"query-input\":{\"@type\":\"PropertyValueSpecification\",\"valueRequired\":true,\"valueName\":\"search_term_string\"}}],\"inLanguage\":\"en-US\"},{\"@type\":\"Organization\",\"@id\":\"https:\\\/\\\/colaistenanoilean.ie\\\/en\\\/#organization\",\"name\":\"Col\u00e1iste na nOile\u00e1n\",\"url\":\"https:\\\/\\\/colaistenanoilean.ie\\\/en\\\/\",\"logo\":{\"@type\":\"ImageObject\",\"inLanguage\":\"en-US\",\"@id\":\"https:\\\/\\\/colaistenanoilean.ie\\\/en\\\/#\\\/schema\\\/logo\\\/image\\\/\",\"url\":\"https:\\\/\\\/colaistenanoilean.ie\\\/wp-content\\\/uploads\\\/2020\\\/12\\\/Colaiste-na-nOilean-logo.png\",\"contentUrl\":\"https:\\\/\\\/colaistenanoilean.ie\\\/wp-content\\\/uploads\\\/2020\\\/12\\\/Colaiste-na-nOilean-logo.png\",\"width\":236,\"height\":100,\"caption\":\"Col\u00e1iste na nOile\u00e1n\"},\"image\":{\"@id\":\"https:\\\/\\\/colaistenanoilean.ie\\\/en\\\/#\\\/schema\\\/logo\\\/image\\\/\"},\"sameAs\":[\"https:\\\/\\\/www.facebook.com\\\/colaiste.nanoilean\\\/\",\"https:\\\/\\\/x.com\\\/Col_na_nOilean\",\"https:\\\/\\\/www.instagram.com\\\/colaistenanoilean_\\\/\",\"https:\\\/\\\/www.tiktok.com\\\/@colaistenanoilean1\"]}]}<\/script>\n<!-- \/ Yoast SEO plugin. -->","yoast_head_json":{"title":"About Us - Col\u00e1iste na nOile\u00e1n","robots":{"index":"index","follow":"follow","max-snippet":"max-snippet:-1","max-image-preview":"max-image-preview:large","max-video-preview":"max-video-preview:-1"},"canonical":"https:\/\/colaistenanoilean.ie\/fuinn\/","og_locale":"en_US","og_type":"article","og_title":"About Us - Col\u00e1iste na nOile\u00e1n","og_description":"About Col\u00e1iste na nOile\u00e1n Col\u00e1iste na nOile\u00e1n is nestled in the picturesque Ceantar na nOile\u00e1n, right in the heart of the Connemara Gaeltacht, just 35 miles from Galway City. With over 50 years of experience running Irish summer courses, we\u2019ve built a strong reputation for providing top-quality education in a vibrant cultural setting. From the [&hellip;]","og_url":"https:\/\/colaistenanoilean.ie\/fuinn\/","og_site_name":"Col\u00e1iste na nOile\u00e1n","article_publisher":"https:\/\/www.facebook.com\/colaiste.nanoilean\/","article_modified_time":"2025-03-28T17:02:13+00:00","og_image":[{"width":1200,"height":1200,"url":"https:\/\/colaistenanoilean.ie\/wp-content\/uploads\/2024\/09\/colaiste-na-noilean-about2.jpg","type":"image\/jpeg"}],"twitter_card":"summary_large_image","twitter_site":"@Col_na_nOilean","twitter_misc":{"Est. reading time":"1 minute"},"schema":{"@context":"https:\/\/schema.org","@graph":[{"@type":"WebPage","@id":"https:\/\/colaistenanoilean.ie\/fuinn\/","url":"https:\/\/colaistenanoilean.ie\/fuinn\/","name":"About Us - Col\u00e1iste na nOile\u00e1n","isPartOf":{"@id":"https:\/\/colaistenanoilean.ie\/en\/#website"},"primaryImageOfPage":{"@id":"https:\/\/colaistenanoilean.ie\/fuinn\/#primaryimage"},"image":{"@id":"https:\/\/colaistenanoilean.ie\/fuinn\/#primaryimage"},"thumbnailUrl":"https:\/\/colaistenanoilean.ie\/wp-content\/uploads\/2024\/09\/colaiste-na-noilean-about2-1024x1024.jpg","datePublished":"2020-07-16T14:14:53+00:00","dateModified":"2025-03-28T17:02:13+00:00","breadcrumb":{"@id":"https:\/\/colaistenanoilean.ie\/fuinn\/#breadcrumb"},"inLanguage":"en-US","potentialAction":[{"@type":"ReadAction","target":["https:\/\/colaistenanoilean.ie\/fuinn\/"]}]},{"@type":"ImageObject","inLanguage":"en-US","@id":"https:\/\/colaistenanoilean.ie\/fuinn\/#primaryimage","url":"https:\/\/colaistenanoilean.ie\/wp-content\/uploads\/2024\/09\/colaiste-na-noilean-about2-1024x1024.jpg","contentUrl":"https:\/\/colaistenanoilean.ie\/wp-content\/uploads\/2024\/09\/colaiste-na-noilean-about2-1024x1024.jpg"},{"@type":"BreadcrumbList","@id":"https:\/\/colaistenanoilean.ie\/fuinn\/#breadcrumb","itemListElement":[{"@type":"ListItem","position":1,"name":"Home","item":"https:\/\/colaistenanoilean.ie\/en\/"},{"@type":"ListItem","position":2,"name":"About Us"}]},{"@type":"WebSite","@id":"https:\/\/colaistenanoilean.ie\/en\/#website","url":"https:\/\/colaistenanoilean.ie\/en\/","name":"Col\u00e1iste na nOile\u00e1n","description":"Gaeltacht Connemara, Irish College Galway","publisher":{"@id":"https:\/\/colaistenanoilean.ie\/en\/#organization"},"potentialAction":[{"@type":"SearchAction","target":{"@type":"EntryPoint","urlTemplate":"https:\/\/colaistenanoilean.ie\/en\/?s={search_term_string}"},"query-input":{"@type":"PropertyValueSpecification","valueRequired":true,"valueName":"search_term_string"}}],"inLanguage":"en-US"},{"@type":"Organization","@id":"https:\/\/colaistenanoilean.ie\/en\/#organization","name":"Col\u00e1iste na nOile\u00e1n","url":"https:\/\/colaistenanoilean.ie\/en\/","logo":{"@type":"ImageObject","inLanguage":"en-US","@id":"https:\/\/colaistenanoilean.ie\/en\/#\/schema\/logo\/image\/","url":"https:\/\/colaistenanoilean.ie\/wp-content\/uploads\/2020\/12\/Colaiste-na-nOilean-logo.png","contentUrl":"https:\/\/colaistenanoilean.ie\/wp-content\/uploads\/2020\/12\/Colaiste-na-nOilean-logo.png","width":236,"height":100,"caption":"Col\u00e1iste na nOile\u00e1n"},"image":{"@id":"https:\/\/colaistenanoilean.ie\/en\/#\/schema\/logo\/image\/"},"sameAs":["https:\/\/www.facebook.com\/colaiste.nanoilean\/","https:\/\/x.com\/Col_na_nOilean","https:\/\/www.instagram.com\/colaistenanoilean_\/","https:\/\/www.tiktok.com\/@colaistenanoilean1"]}]}},"_links":{"self":[{"href":"https:\/\/colaistenanoilean.ie\/en\/wp-json\/wp\/v2\/pages\/523","targetHints":{"allow":["GET"]}}],"collection":[{"href":"https:\/\/colaistenanoilean.ie\/en\/wp-json\/wp\/v2\/pages"}],"about":[{"href":"https:\/\/colaistenanoilean.ie\/en\/wp-json\/wp\/v2\/types\/page"}],"author":[{"embeddable":true,"href":"https:\/\/colaistenanoilean.ie\/en\/wp-json\/wp\/v2\/users\/1"}],"replies":[{"embeddable":true,"href":"https:\/\/colaistenanoilean.ie\/en\/wp-json\/wp\/v2\/comments?post=523"}],"version-history":[{"count":19,"href":"https:\/\/colaistenanoilean.ie\/en\/wp-json\/wp\/v2\/pages\/523\/revisions"}],"predecessor-version":[{"id":5401,"href":"https:\/\/colaistenanoilean.ie\/en\/wp-json\/wp\/v2\/pages\/523\/revisions\/5401"}],"wp:attachment":[{"href":"https:\/\/colaistenanoilean.ie\/en\/wp-json\/wp\/v2\/media?parent=523"}],"curies":[{"name":"wp","href":"https:\/\/api.w.org\/{rel}","templated":true}]}}