{"id":3606,"date":"2024-09-25T10:38:45","date_gmt":"2024-09-25T10:38:45","guid":{"rendered":"https:\/\/colaistenanoilean.ie\/?page_id=3606"},"modified":"2025-01-14T10:15:03","modified_gmt":"2025-01-14T10:15:03","slug":"policies","status":"publish","type":"page","link":"https:\/\/colaistenanoilean.ie\/en\/policies\/","title":{"rendered":"Policies"},"content":{"rendered":"\t\t<div data-elementor-type=\"wp-page\" data-elementor-id=\"3606\" class=\"elementor elementor-3606\">\n\t\t\t\t<div class=\"elementor-element elementor-element-ea5e9fb e-flex e-con-boxed e-con e-parent\" data-id=\"ea5e9fb\" data-element_type=\"container\" data-e-type=\"container\">\n\t\t\t\t\t<div class=\"e-con-inner\">\n\t\t\t\t<div class=\"elementor-element elementor-element-2126da8 aleft elementor-widget elementor-widget-wgl-double-headings\" data-id=\"2126da8\" data-element_type=\"widget\" data-e-type=\"widget\" data-widget_type=\"wgl-double-headings.default\">\n\t\t\t\t<div class=\"elementor-widget-container\">\n\t\t\t\t\t<div class=\"wgl-double_heading\"><div class=\"dbl__subtitle type-default\"><span class=\"svg_media\"><svg version=\"1.1\" xmlns=\"http:\/\/www.w3.org\/2000\/svg\" xmlns:xlink=\"http:\/\/www.w3.org\/1999\/xlink\" x=\"0px\" y=\"0px\" viewBox=\"0 0 100 13.6\" style=\"enable-background:new 0 0 100 13.6;\" xml:space=\"preserve\"><path class=\"st0\" d=\"M28.8,9.7L33,6.9l4.3,2.9c7.7,5.2,17.7,5.2,25.4,0L67,6.9l4.3,2.9c3.9,2.6,8.3,3.9,12.7,3.9c4.4,0,8.8-1.3,12.7-3.9l3.2-2.1C99.9,6.3,100,5,100,3.7c0-0.6,0-1.1,0-1.7l-0.6-0.9L93.5,5c-5.8,3.9-13.3,3.9-19.1,0L67,0l-7.4,5c-5.8,3.9-13.3,3.9-19.1,0L33,0l-7.4,5C19.8,8.9,12.3,8.9,6.5,5L0.7,1.1L0,2c0,0.6,0,1.1,0,1.7C0,5,0.1,6.3,0.2,7.6l3.2,2.1C11.1,14.9,21,14.9,28.8,9.7z\"\/><\/svg><\/span>Policies at Col\u00e1iste na nOile\u00e1n<\/div><h3 class=\"dbl__title-wrapper\"><span class=\"dbl__title\">Policies<\/span><\/h3><\/div>\t\t\t\t<\/div>\n\t\t\t\t<\/div>\n\t\t\t\t<div class=\"elementor-element elementor-element-141cc9b elementor-widget elementor-widget-spacer\" data-id=\"141cc9b\" data-element_type=\"widget\" data-e-type=\"widget\" data-widget_type=\"spacer.default\">\n\t\t\t\t<div class=\"elementor-widget-container\">\n\t\t\t\t\t\t\t<div class=\"elementor-spacer\">\n\t\t\t<div class=\"elementor-spacer-inner\"><\/div>\n\t\t<\/div>\n\t\t\t\t\t\t<\/div>\n\t\t\t\t<\/div>\n\t\t\t\t<div class=\"elementor-element elementor-element-bec0971 elementor-view-default elementor-widget elementor-widget-wgl-toggle-accordion\" data-id=\"bec0971\" data-element_type=\"widget\" data-e-type=\"widget\" data-widget_type=\"wgl-toggle-accordion.default\">\n\t\t\t\t<div class=\"elementor-widget-container\">\n\t\t\t\t\t<div class=\"wgl-accordion icon-custom\" id=\"wgl-accordion-bec0971\" data-type=\"accordion\"><div class=\"wgl-accordion_panel\"><h4 id=\"wgl-accordion_header-2001\" class=\"wgl-accordion_header\" data-default=\"\"><span class=\"wgl-accordion_title\">Polasa\u00ed Cosaint sonra\u00ed Chol\u00e1iste na nOile\u00e1n 2024<\/span><i class=\"wgl-accordion_icon elementor-icon flaticon flaticon-play\"><\/i><\/h4><div class=\"wgl-accordion_content\"><p><a href=\"https:\/\/colaistenanoilean.ie\/wp-content\/uploads\/2024\/09\/Polasai-Cosaint-sonrai-Cholaiste-na-nOilean-2024.pdf\">View \/ Download (pdf, 74kb)<\/a><\/p><div id=\"tango-capture-box\" style=\"--tango-capture-box-background-color: transparent; --tango-capture-box-color: #FF7442; display: none !important; transform: translate3d(8px, 19px, 0px); width: 208.586px; height: 18px; opacity: 1;\">\u00a0<\/div><\/div><\/div><div class=\"wgl-accordion_panel\"><h4 id=\"wgl-accordion_header-2002\" class=\"wgl-accordion_header\" data-default=\"\"><span class=\"wgl-accordion_title\">Raiteas Sl\u00e1nd\u00e1la & Cosaint Leana\u00ed<\/span><i class=\"wgl-accordion_icon elementor-icon flaticon flaticon-play\"><\/i><\/h4><div class=\"wgl-accordion_content\"><p><a href=\"https:\/\/colaistenanoilean.ie\/wp-content\/uploads\/2024\/09\/Raiteas-Slandala-Cosaint-Leanai.Col-na-nOilean1.pdf\">View \/ Download (pdf, 648kb)<\/a><\/p><\/div><\/div><div class=\"wgl-accordion_panel\"><h4 id=\"wgl-accordion_header-2003\" class=\"wgl-accordion_header\" data-default=\"\"><span class=\"wgl-accordion_title\">Anti Bullying Policy 2023<\/span><i class=\"wgl-accordion_icon elementor-icon flaticon flaticon-play\"><\/i><\/h4><div class=\"wgl-accordion_content\"><p><a href=\"https:\/\/colaistenanoilean.ie\/wp-content\/uploads\/2024\/09\/Frithbhulaiocht-2023-Anti-Bullying-Policy-2023.pdf\">View \/ Download (pdf, 196kb)<\/a><\/p><\/div><\/div><div class=\"wgl-accordion_panel\"><h4 id=\"wgl-accordion_header-2004\" class=\"wgl-accordion_header\" data-default=\"\"><span class=\"wgl-accordion_title\">Polasa\u00ed ar Dhruga\u00ed<\/span><i class=\"wgl-accordion_icon elementor-icon flaticon flaticon-play\"><\/i><\/h4><div class=\"wgl-accordion_content\"><p><a href=\"https:\/\/colaistenanoilean.ie\/wp-content\/uploads\/2024\/09\/Polasai-ar-Dhrugai.pdf\">View \/ Download (pdf, 27kb)<\/a><\/p><\/div><\/div><div class=\"wgl-accordion_panel\"><h4 id=\"wgl-accordion_header-2005\" class=\"wgl-accordion_header\" data-default=\"\"><span class=\"wgl-accordion_title\">C\u00f3d Iompar 2024<\/span><i class=\"wgl-accordion_icon elementor-icon flaticon flaticon-play\"><\/i><\/h4><div class=\"wgl-accordion_content\"><p><a href=\"https:\/\/colaistenanoilean.ie\/wp-content\/uploads\/2024\/09\/Cod-Iompar-Col-na-N-Oile-2024.docx-1.pdf\">View \/ Download (pdf, 164kb)<\/a><\/p><\/div><\/div><\/div>\t\t\t\t<\/div>\n\t\t\t\t<\/div>\n\t\t\t\t\t<\/div>\n\t\t\t\t<\/div>\n\t\t\t\t<\/div>\n\t\t","protected":false},"excerpt":{"rendered":"<p>Policies at Col\u00e1iste na nOile\u00e1n Policies Polasa\u00ed Cosaint sonra\u00ed Chol\u00e1iste na nOile\u00e1n 2024 View \/ Download (pdf, 74kb) \u00a0 Raiteas Sl\u00e1nd\u00e1la &#038; Cosaint Leana\u00ed View \/ Download (pdf, 648kb) Anti Bullying Policy 2023 View \/ Download (pdf, 196kb) Polasa\u00ed ar Dhruga\u00ed View \/ Download (pdf, 27kb) C\u00f3d Iompar 2024 View \/ Download (pdf, 164kb)<\/p>\n","protected":false},"author":1,"featured_media":0,"parent":0,"menu_order":0,"comment_status":"closed","ping_status":"closed","template":"","meta":{"footnotes":""},"class_list":["post-3606","page","type-page","status-publish","hentry"],"yoast_head":"<!-- This site is optimized with the Yoast SEO plugin v27.4 - https:\/\/yoast.com\/product\/yoast-seo-wordpress\/ -->\n<title>Policies - Col\u00e1iste na nOile\u00e1n<\/title>\n<meta name=\"robots\" content=\"index, follow, max-snippet:-1, max-image-preview:large, max-video-preview:-1\" \/>\n<link rel=\"canonical\" href=\"https:\/\/colaistenanoilean.ie\/en\/policies\/\" \/>\n<meta property=\"og:locale\" content=\"en_US\" \/>\n<meta property=\"og:type\" content=\"article\" \/>\n<meta property=\"og:title\" content=\"Policies - Col\u00e1iste na nOile\u00e1n\" \/>\n<meta property=\"og:description\" content=\"Policies at Col\u00e1iste na nOile\u00e1n Policies Polasa\u00ed Cosaint sonra\u00ed Chol\u00e1iste na nOile\u00e1n 2024 View \/ Download (pdf, 74kb) \u00a0 Raiteas Sl\u00e1nd\u00e1la &#038; Cosaint Leana\u00ed View \/ Download (pdf, 648kb) Anti Bullying Policy 2023 View \/ Download (pdf, 196kb) Polasa\u00ed ar Dhruga\u00ed View \/ Download (pdf, 27kb) C\u00f3d Iompar 2024 View \/ Download (pdf, 164kb)\" \/>\n<meta property=\"og:url\" content=\"https:\/\/colaistenanoilean.ie\/en\/policies\/\" \/>\n<meta property=\"og:site_name\" content=\"Col\u00e1iste na nOile\u00e1n\" \/>\n<meta property=\"article:publisher\" content=\"https:\/\/www.facebook.com\/colaiste.nanoilean\/\" \/>\n<meta property=\"article:modified_time\" content=\"2025-01-14T10:15:03+00:00\" \/>\n<meta name=\"twitter:card\" content=\"summary_large_image\" \/>\n<meta name=\"twitter:site\" content=\"@Col_na_nOilean\" \/>\n<meta name=\"twitter:label1\" content=\"Est. reading time\" \/>\n\t<meta name=\"twitter:data1\" content=\"1 minute\" \/>\n<script type=\"application\/ld+json\" class=\"yoast-schema-graph\">{\"@context\":\"https:\\\/\\\/schema.org\",\"@graph\":[{\"@type\":\"WebPage\",\"@id\":\"https:\\\/\\\/colaistenanoilean.ie\\\/en\\\/policies\\\/\",\"url\":\"https:\\\/\\\/colaistenanoilean.ie\\\/en\\\/policies\\\/\",\"name\":\"Policies - Col\u00e1iste na nOile\u00e1n\",\"isPartOf\":{\"@id\":\"https:\\\/\\\/colaistenanoilean.ie\\\/en\\\/#website\"},\"datePublished\":\"2024-09-25T10:38:45+00:00\",\"dateModified\":\"2025-01-14T10:15:03+00:00\",\"breadcrumb\":{\"@id\":\"https:\\\/\\\/colaistenanoilean.ie\\\/en\\\/policies\\\/#breadcrumb\"},\"inLanguage\":\"en-US\",\"potentialAction\":[{\"@type\":\"ReadAction\",\"target\":[\"https:\\\/\\\/colaistenanoilean.ie\\\/en\\\/policies\\\/\"]}]},{\"@type\":\"BreadcrumbList\",\"@id\":\"https:\\\/\\\/colaistenanoilean.ie\\\/en\\\/policies\\\/#breadcrumb\",\"itemListElement\":[{\"@type\":\"ListItem\",\"position\":1,\"name\":\"Home\",\"item\":\"https:\\\/\\\/colaistenanoilean.ie\\\/en\\\/\"},{\"@type\":\"ListItem\",\"position\":2,\"name\":\"Policies\"}]},{\"@type\":\"WebSite\",\"@id\":\"https:\\\/\\\/colaistenanoilean.ie\\\/en\\\/#website\",\"url\":\"https:\\\/\\\/colaistenanoilean.ie\\\/en\\\/\",\"name\":\"Col\u00e1iste na nOile\u00e1n\",\"description\":\"Gaeltacht Connemara, Irish College Galway\",\"publisher\":{\"@id\":\"https:\\\/\\\/colaistenanoilean.ie\\\/en\\\/#organization\"},\"potentialAction\":[{\"@type\":\"SearchAction\",\"target\":{\"@type\":\"EntryPoint\",\"urlTemplate\":\"https:\\\/\\\/colaistenanoilean.ie\\\/en\\\/?s={search_term_string}\"},\"query-input\":{\"@type\":\"PropertyValueSpecification\",\"valueRequired\":true,\"valueName\":\"search_term_string\"}}],\"inLanguage\":\"en-US\"},{\"@type\":\"Organization\",\"@id\":\"https:\\\/\\\/colaistenanoilean.ie\\\/en\\\/#organization\",\"name\":\"Col\u00e1iste na nOile\u00e1n\",\"url\":\"https:\\\/\\\/colaistenanoilean.ie\\\/en\\\/\",\"logo\":{\"@type\":\"ImageObject\",\"inLanguage\":\"en-US\",\"@id\":\"https:\\\/\\\/colaistenanoilean.ie\\\/en\\\/#\\\/schema\\\/logo\\\/image\\\/\",\"url\":\"https:\\\/\\\/colaistenanoilean.ie\\\/wp-content\\\/uploads\\\/2020\\\/12\\\/Colaiste-na-nOilean-logo.png\",\"contentUrl\":\"https:\\\/\\\/colaistenanoilean.ie\\\/wp-content\\\/uploads\\\/2020\\\/12\\\/Colaiste-na-nOilean-logo.png\",\"width\":236,\"height\":100,\"caption\":\"Col\u00e1iste na nOile\u00e1n\"},\"image\":{\"@id\":\"https:\\\/\\\/colaistenanoilean.ie\\\/en\\\/#\\\/schema\\\/logo\\\/image\\\/\"},\"sameAs\":[\"https:\\\/\\\/www.facebook.com\\\/colaiste.nanoilean\\\/\",\"https:\\\/\\\/x.com\\\/Col_na_nOilean\",\"https:\\\/\\\/www.instagram.com\\\/colaistenanoilean_\\\/\",\"https:\\\/\\\/www.tiktok.com\\\/@colaistenanoilean1\"]}]}<\/script>\n<!-- \/ Yoast SEO plugin. -->","yoast_head_json":{"title":"Policies - Col\u00e1iste na nOile\u00e1n","robots":{"index":"index","follow":"follow","max-snippet":"max-snippet:-1","max-image-preview":"max-image-preview:large","max-video-preview":"max-video-preview:-1"},"canonical":"https:\/\/colaistenanoilean.ie\/en\/policies\/","og_locale":"en_US","og_type":"article","og_title":"Policies - Col\u00e1iste na nOile\u00e1n","og_description":"Policies at Col\u00e1iste na nOile\u00e1n Policies Polasa\u00ed Cosaint sonra\u00ed Chol\u00e1iste na nOile\u00e1n 2024 View \/ Download (pdf, 74kb) \u00a0 Raiteas Sl\u00e1nd\u00e1la &#038; Cosaint Leana\u00ed View \/ Download (pdf, 648kb) Anti Bullying Policy 2023 View \/ Download (pdf, 196kb) Polasa\u00ed ar Dhruga\u00ed View \/ Download (pdf, 27kb) C\u00f3d Iompar 2024 View \/ Download (pdf, 164kb)","og_url":"https:\/\/colaistenanoilean.ie\/en\/policies\/","og_site_name":"Col\u00e1iste na nOile\u00e1n","article_publisher":"https:\/\/www.facebook.com\/colaiste.nanoilean\/","article_modified_time":"2025-01-14T10:15:03+00:00","twitter_card":"summary_large_image","twitter_site":"@Col_na_nOilean","twitter_misc":{"Est. reading time":"1 minute"},"schema":{"@context":"https:\/\/schema.org","@graph":[{"@type":"WebPage","@id":"https:\/\/colaistenanoilean.ie\/en\/policies\/","url":"https:\/\/colaistenanoilean.ie\/en\/policies\/","name":"Policies - Col\u00e1iste na nOile\u00e1n","isPartOf":{"@id":"https:\/\/colaistenanoilean.ie\/en\/#website"},"datePublished":"2024-09-25T10:38:45+00:00","dateModified":"2025-01-14T10:15:03+00:00","breadcrumb":{"@id":"https:\/\/colaistenanoilean.ie\/en\/policies\/#breadcrumb"},"inLanguage":"en-US","potentialAction":[{"@type":"ReadAction","target":["https:\/\/colaistenanoilean.ie\/en\/policies\/"]}]},{"@type":"BreadcrumbList","@id":"https:\/\/colaistenanoilean.ie\/en\/policies\/#breadcrumb","itemListElement":[{"@type":"ListItem","position":1,"name":"Home","item":"https:\/\/colaistenanoilean.ie\/en\/"},{"@type":"ListItem","position":2,"name":"Policies"}]},{"@type":"WebSite","@id":"https:\/\/colaistenanoilean.ie\/en\/#website","url":"https:\/\/colaistenanoilean.ie\/en\/","name":"Col\u00e1iste na nOile\u00e1n","description":"Gaeltacht Connemara, Irish College Galway","publisher":{"@id":"https:\/\/colaistenanoilean.ie\/en\/#organization"},"potentialAction":[{"@type":"SearchAction","target":{"@type":"EntryPoint","urlTemplate":"https:\/\/colaistenanoilean.ie\/en\/?s={search_term_string}"},"query-input":{"@type":"PropertyValueSpecification","valueRequired":true,"valueName":"search_term_string"}}],"inLanguage":"en-US"},{"@type":"Organization","@id":"https:\/\/colaistenanoilean.ie\/en\/#organization","name":"Col\u00e1iste na nOile\u00e1n","url":"https:\/\/colaistenanoilean.ie\/en\/","logo":{"@type":"ImageObject","inLanguage":"en-US","@id":"https:\/\/colaistenanoilean.ie\/en\/#\/schema\/logo\/image\/","url":"https:\/\/colaistenanoilean.ie\/wp-content\/uploads\/2020\/12\/Colaiste-na-nOilean-logo.png","contentUrl":"https:\/\/colaistenanoilean.ie\/wp-content\/uploads\/2020\/12\/Colaiste-na-nOilean-logo.png","width":236,"height":100,"caption":"Col\u00e1iste na nOile\u00e1n"},"image":{"@id":"https:\/\/colaistenanoilean.ie\/en\/#\/schema\/logo\/image\/"},"sameAs":["https:\/\/www.facebook.com\/colaiste.nanoilean\/","https:\/\/x.com\/Col_na_nOilean","https:\/\/www.instagram.com\/colaistenanoilean_\/","https:\/\/www.tiktok.com\/@colaistenanoilean1"]}]}},"_links":{"self":[{"href":"https:\/\/colaistenanoilean.ie\/en\/wp-json\/wp\/v2\/pages\/3606","targetHints":{"allow":["GET"]}}],"collection":[{"href":"https:\/\/colaistenanoilean.ie\/en\/wp-json\/wp\/v2\/pages"}],"about":[{"href":"https:\/\/colaistenanoilean.ie\/en\/wp-json\/wp\/v2\/types\/page"}],"author":[{"embeddable":true,"href":"https:\/\/colaistenanoilean.ie\/en\/wp-json\/wp\/v2\/users\/1"}],"replies":[{"embeddable":true,"href":"https:\/\/colaistenanoilean.ie\/en\/wp-json\/wp\/v2\/comments?post=3606"}],"version-history":[{"count":7,"href":"https:\/\/colaistenanoilean.ie\/en\/wp-json\/wp\/v2\/pages\/3606\/revisions"}],"predecessor-version":[{"id":5224,"href":"https:\/\/colaistenanoilean.ie\/en\/wp-json\/wp\/v2\/pages\/3606\/revisions\/5224"}],"wp:attachment":[{"href":"https:\/\/colaistenanoilean.ie\/en\/wp-json\/wp\/v2\/media?parent=3606"}],"curies":[{"name":"wp","href":"https:\/\/api.w.org\/{rel}","templated":true}]}}